{"id":73,"date":"2009-03-19T17:16:25","date_gmt":"2009-03-19T16:16:25","guid":{"rendered":"http:\/\/www.riehagbard.dk\/rie\/?page_id=73"},"modified":"2025-10-07T20:11:51","modified_gmt":"2025-10-07T18:11:51","slug":"p%c3%a6dagogisk-virke","status":"publish","type":"page","link":"http:\/\/www.riehagbard.dk\/rie\/om\/p%c3%a6dagogisk-virke\/","title":{"rendered":"P\u00e6dagogisk virke"},"content":{"rendered":"<p><strong><a href=\"http:\/\/www.riehagbard.dk\/rie\/wp-content\/uploads\/2009\/11\/sfl-reklamefoto-2-for-2021.jpg\"><img loading=\"lazy\" class=\"alignleft size-medium wp-image-2201\" src=\"http:\/\/www.riehagbard.dk\/rie\/wp-content\/uploads\/2009\/11\/sfl-reklamefoto-2-for-2021-248x300.jpg\" alt=\"\" width=\"248\" height=\"300\" srcset=\"http:\/\/www.riehagbard.dk\/rie\/wp-content\/uploads\/2009\/11\/sfl-reklamefoto-2-for-2021-248x300.jpg 248w, http:\/\/www.riehagbard.dk\/rie\/wp-content\/uploads\/2009\/11\/sfl-reklamefoto-2-for-2021-849x1024.jpg 849w, http:\/\/www.riehagbard.dk\/rie\/wp-content\/uploads\/2009\/11\/sfl-reklamefoto-2-for-2021.jpg 1080w\" sizes=\"(max-width: 248px) 100vw, 248px\" \/><\/a>Sang- og musikundervisning, teambuilding, workshops og vokal coaching\u00a0<\/strong><\/p>\n<p>Hele vejen igennem mit arbejdsliv har den p\u00e6dagogiske del v\u00e6ret essentiel for mig. Det er faktisk lige s\u00e5 meget en del af, hvem jeg er, som d\u00e9t at v\u00e6re sanger og komponist. Med tiden har jeg haft forn\u00f8jelsen af at smide p\u00e6dagogiske redskaber, inspiration, energiboosts, sanggl\u00e6de, selvv\u00e6rd og selvtillid efter b\u00e5de virksomheder, foreninger, privatpersoner, skoler, h\u00f8jskoler og mange andre instanser. Det er en stor gl\u00e6de og selvf\u00f8lgelighed for mig at bibringe andre den mening med musikken, som jeg altid selv har fundet, vedligeholdt og brugt som drivkraft igennem mit eget liv.<\/p>\n<p>\u00d8nsker du undervisning eller coaching ifm. et projekt el lign.? S\u00e5 send mig en mail &#8211; og ellers kan du finde mig p\u00e5 facebook (eller holde skarpt \u00f8je med min hjemmeside-kalender) for at se, hvad jeg l\u00f8bende tilbyder.<\/p>\n","protected":false},"excerpt":{"rendered":"<p>Sang- og musikundervisning, teambuilding, workshops og vokal coaching\u00a0 Hele vejen igennem mit arbejdsliv har den p\u00e6dagogiske del v\u00e6ret essentiel for mig. Det er faktisk lige s\u00e5 meget en del af, hvem jeg er, som d\u00e9t at v\u00e6re sanger og komponist. Med tiden har jeg haft forn\u00f8jelsen af at smide p\u00e6dagogiske redskaber, inspiration, energiboosts, sanggl\u00e6de, selvv\u00e6rd [&hellip;]<\/p>\n","protected":false},"author":2,"featured_media":0,"parent":2,"menu_order":3,"comment_status":"closed","ping_status":"closed","template":"","meta":[],"_links":{"self":[{"href":"http:\/\/www.riehagbard.dk\/rie\/wp-json\/wp\/v2\/pages\/73"}],"collection":[{"href":"http:\/\/www.riehagbard.dk\/rie\/wp-json\/wp\/v2\/pages"}],"about":[{"href":"http:\/\/www.riehagbard.dk\/rie\/wp-json\/wp\/v2\/types\/page"}],"author":[{"embeddable":true,"href":"http:\/\/www.riehagbard.dk\/rie\/wp-json\/wp\/v2\/users\/2"}],"replies":[{"embeddable":true,"href":"http:\/\/www.riehagbard.dk\/rie\/wp-json\/wp\/v2\/comments?post=73"}],"version-history":[{"count":82,"href":"http:\/\/www.riehagbard.dk\/rie\/wp-json\/wp\/v2\/pages\/73\/revisions"}],"predecessor-version":[{"id":3283,"href":"http:\/\/www.riehagbard.dk\/rie\/wp-json\/wp\/v2\/pages\/73\/revisions\/3283"}],"up":[{"embeddable":true,"href":"http:\/\/www.riehagbard.dk\/rie\/wp-json\/wp\/v2\/pages\/2"}],"wp:attachment":[{"href":"http:\/\/www.riehagbard.dk\/rie\/wp-json\/wp\/v2\/media?parent=73"}],"curies":[{"name":"wp","href":"https:\/\/api.w.org\/{rel}","templated":true}]}}