{"id":2,"date":"2009-01-25T22:36:55","date_gmt":"2009-01-25T21:36:55","guid":{"rendered":"http:\/\/www.riehagbard.dk\/rie\/?page_id=2"},"modified":"2020-06-23T20:27:23","modified_gmt":"2020-06-23T19:27:23","slug":"om","status":"publish","type":"page","link":"http:\/\/www.riehagbard.dk\/rie\/om\/","title":{"rendered":"Om Rie"},"content":{"rendered":"<p><img loading=\"lazy\" class=\"alignleft size-medium wp-image-2028\" title=\"foto-fra-juni-til-website1\" src=\"http:\/\/www.riehagbard.dk\/rie\/wp-content\/uploads\/2009\/01\/foto-fra-juni-til-website1-240x300.jpg\" alt=\"foto-fra-juni-til-website1\" width=\"240\" height=\"300\" srcset=\"http:\/\/www.riehagbard.dk\/rie\/wp-content\/uploads\/2009\/01\/foto-fra-juni-til-website1-240x300.jpg 240w, http:\/\/www.riehagbard.dk\/rie\/wp-content\/uploads\/2009\/01\/foto-fra-juni-til-website1-821x1024.jpg 821w, http:\/\/www.riehagbard.dk\/rie\/wp-content\/uploads\/2009\/01\/foto-fra-juni-til-website1.jpg 1080w\" sizes=\"(max-width: 240px) 100vw, 240px\" \/>&#8220;One of my early influences was a teacher of mine, Rie Hagbard.\u00a0She is a singer and a composer and perhaps one of the reasons I am where I am today. She became a great inspiration to me, and to this day, I remember her advice and grounded spirit.&#8221;<\/p>\n<p><em>Marie Dahlstr\u00f8m, uddannet sanger fra London Centre of Contemporary Music<\/em><\/p>\n<p>&#8220;Da jeg m\u00f8dte Rie, var det i forbindelse med De Ustyrlige. Jeg er evigt taknemmelig for at have m\u00f8dt Rie, da hun er en helt fantastisk person, som hjalp mig med at genfinde min indre styrke og selvsikkerhed. Inden jeg l\u00e6rte hende at kende, var jeg den tilbageholdende pige. Nu er jeg blevet den blomstrende og glade gymnasiepige, og det har jeg kun Rie at takke for! S\u00e5 tak Rie, for at have gjort mig til et gladere menneske.&#8221;<\/p>\n<p><em>Michelle Knudstrup Lund, deltager i TV2&#8217;s dokumentarserie De Ustyrlige<\/em><\/p>\n<p>&#8220;Jeg har et par gange haft gl\u00e6den af at deltage i Ries stemmev\u00e6rd arrangementer. De har begge v\u00e6ret meget berigende. Rie har en dyb forst\u00e5else for sammenh\u00e6ngen mellem sangudtryk og de blokeringer, vi hver is\u00e6r sl\u00e6ber rundt p\u00e5. Den viden formidler hun p\u00e5 en varm og indlevende m\u00e5de, og jeg har f\u00e5et v\u00e6rdifuldt input til mit videre personlige arbejde&#8230; Tak Rie!&#8221;<\/p>\n<p><em>Hans Enemark. Body-sds terapeut<\/em><\/p>\n<p>&#8220;Rie har med sit musikp\u00e6dagogiske knowhow bidraget med referencer og viden, som jeg har kunnet give videre til flere af mine studerende p\u00e5 diplomuddannelsen, hvor jeg underviser som lektor. Rie er et super engageret, musikalsk og s\u00f8dt menneske, som er meget givende at v\u00e6re sammen med &#8211; ja, og s\u00e5 synger hun med en inderlighed der bev\u00e6ger \u00e9n &#8211; og det er jo det musik skal.&#8221;<em> <\/em><\/p>\n<p><em>Annette Daugaard Bentzen. Lektor v. Professionsh\u00f8jskolen UCC<\/em><em><\/em><\/p>\n<p><em><\/em><em><\/em>&#8220;Rie Hagbard har skrevet og f\u00e5et udgivet en samling i\u00f8refaldende sange med udgangspunkt i historiske h\u00e6ndelser i Danmark. I den forbindelse har hun v\u00e6ret instrukt\u00f8r ved et b\u00f8rnekorst\u00e6vne i Rudersdal Kommune i 2011. Samarbejdet har v\u00e6ret en forn\u00f8jelse. P\u00e5 selve dagen ledte hun kompetent de ca. 120 b\u00f8rn frem mod en dejlig for\u00e6ldrekoncert. Jeg kan varmt anbefale Rie som instrukt\u00f8r ved b\u00f8rnekorst\u00e6vner.&#8221;<\/p>\n<p><em>Jesper Gilbert Jespersen. L\u00e6rer\u00a0&amp; korinstrukt\u00f8r ved Toftevangskolen, Birker\u00f8d<\/em><\/p>\n<p><em><br \/>\n<\/em><\/p>\n<p><em><\/em><em><\/em><\/p>\n<p><a href=\"http:\/\/www.riehagbard.dk\/rie\/om\/musisk-virke\/\" target=\"_self\">Musisk virke<\/a> | \u00a0 \u00a0 <a href=\"http:\/\/www.riehagbard.dk\/rie\/om\/p\u00e6dagogisk-virke\/\" target=\"_self\">P\u00e6dagogisk virke<\/a> | \u00a0 <a href=\"http:\/\/www.riehagbard.dk\/rie\/om\/udtalelser-og-anbefalinger\/\" target=\"_self\">Udtalelser og anbefalinger<\/a> |\u00a0\u00a0\u00a0<a href=\"http:\/\/www.riehagbard.dk\/rie\/om\/referencer\/\" target=\"_self\">Referencer<\/a><\/p>\n","protected":false},"excerpt":{"rendered":"<p>&#8220;One of my early influences was a teacher of mine, Rie Hagbard.\u00a0She is a singer and a composer and perhaps one of the reasons I am where I am today. She became a great inspiration to me, and to this day, I remember her advice and grounded spirit.&#8221; Marie Dahlstr\u00f8m, uddannet sanger fra London Centre [&hellip;]<\/p>\n","protected":false},"author":1,"featured_media":0,"parent":0,"menu_order":1,"comment_status":"closed","ping_status":"open","template":"","meta":[],"_links":{"self":[{"href":"http:\/\/www.riehagbard.dk\/rie\/wp-json\/wp\/v2\/pages\/2"}],"collection":[{"href":"http:\/\/www.riehagbard.dk\/rie\/wp-json\/wp\/v2\/pages"}],"about":[{"href":"http:\/\/www.riehagbard.dk\/rie\/wp-json\/wp\/v2\/types\/page"}],"author":[{"embeddable":true,"href":"http:\/\/www.riehagbard.dk\/rie\/wp-json\/wp\/v2\/users\/1"}],"replies":[{"embeddable":true,"href":"http:\/\/www.riehagbard.dk\/rie\/wp-json\/wp\/v2\/comments?post=2"}],"version-history":[{"count":61,"href":"http:\/\/www.riehagbard.dk\/rie\/wp-json\/wp\/v2\/pages\/2\/revisions"}],"predecessor-version":[{"id":13,"href":"http:\/\/www.riehagbard.dk\/rie\/wp-json\/wp\/v2\/pages\/2\/revisions\/13"}],"wp:attachment":[{"href":"http:\/\/www.riehagbard.dk\/rie\/wp-json\/wp\/v2\/media?parent=2"}],"curies":[{"name":"wp","href":"https:\/\/api.w.org\/{rel}","templated":true}]}}