{"id":18,"date":"2009-01-28T20:13:56","date_gmt":"2009-01-28T19:13:56","guid":{"rendered":"http:\/\/www.riehagbard.dk\/rie\/?page_id=18"},"modified":"2026-02-24T14:52:27","modified_gmt":"2026-02-24T13:52:27","slug":"mellow-2","status":"publish","type":"page","link":"http:\/\/www.riehagbard.dk\/rie\/mellow-2\/","title":{"rendered":"Mellow"},"content":{"rendered":"\n<p><\/p>\n\n\n\n<p><\/p>\n\n\n<p>\u00a0<\/p>\n<p><strong>For\u00e5r, for\u00e5r, kom nu snart!<\/strong><\/p>\n<p><span style=\"font-size: inherit;\">Vi har nemlig en hel del i vores st\u00f8beske, som vi gl\u00e6der os til at fyre af! :-) Flere forskellige virksomheder, foreninger og private har rakt ud og efterlyst vores jazz &#8211; og det er vi super glade for. Derfor bruges tiden lige nu p\u00e5 at \u00f8ve op til div. gigs. Noget af det, vi dog gl\u00e6der os allermest til, er:<\/span><\/p>\n<p><strong>&#8216;And All That Jazz&#8217; Feat. Mellow<\/strong><\/p>\n<p><a href=\"http:\/\/www.riehagbard.dk\/rie\/wp-content\/uploads\/2026\/01\/AATJ-med-mellow-april-26.jpg\"><img loading=\"lazy\" class=\"alignleft size-medium wp-image-3313\" src=\"http:\/\/www.riehagbard.dk\/rie\/wp-content\/uploads\/2026\/01\/AATJ-med-mellow-april-26-291x300.jpg\" alt=\"\" width=\"291\" height=\"300\" srcset=\"http:\/\/www.riehagbard.dk\/rie\/wp-content\/uploads\/2026\/01\/AATJ-med-mellow-april-26-291x300.jpg 291w, http:\/\/www.riehagbard.dk\/rie\/wp-content\/uploads\/2026\/01\/AATJ-med-mellow-april-26-995x1024.jpg 995w, http:\/\/www.riehagbard.dk\/rie\/wp-content\/uploads\/2026\/01\/AATJ-med-mellow-april-26-768x791.jpg 768w, http:\/\/www.riehagbard.dk\/rie\/wp-content\/uploads\/2026\/01\/AATJ-med-mellow-april-26.jpg 1080w\" sizes=\"(max-width: 291px) 100vw, 291px\" \/><\/a>Kom og v\u00e6r med til dette spritnye og s\u00e6rlige event: vi fusionerer mit workshop-koncept &#8216;And All That Jazz&#8217; (som jeg har afholdt flere gange over de sidste par \u00e5r) med vores repertoire i Mellow!<\/p>\n<p>For 625,- f\u00e5r man:<\/p>\n<p>\u00d8vemateriale til 4 sange (hvoraf 2 er Mellow-kompositioner)<\/p>\n<p>2 \u00f8vegange med instruktion: onsdag 22\/4 og s\u00f8ndag 26\/4, og sidstn\u00e6vnte afrundes med en sk\u00f8n for\u00e5rskoncert i Stjernesalen, Gl. Holte Kirke kl. 16!<\/p>\n<p>Derudover f\u00e5s kaffe, te, snacks og frugt begge dage (frokost s\u00f8ndag st\u00e5r deltagerne selv for). Det bliver en forrygende omgang, s\u00e5 kom og v\u00e6r med! <em>Deadline for tilmelding: fredag 20\/3.\u00a0<\/em><\/p>\n<p><a href=\"http:\/\/www.riehagbard.dk\/rie\/wp-content\/uploads\/2023\/04\/mellow-paa-mantzius.jpeg\"><img loading=\"lazy\" class=\"alignleft size-medium wp-image-2868\" src=\"http:\/\/www.riehagbard.dk\/rie\/wp-content\/uploads\/2023\/04\/mellow-paa-mantzius-300x199.jpeg\" alt=\"\" width=\"300\" height=\"199\" srcset=\"http:\/\/www.riehagbard.dk\/rie\/wp-content\/uploads\/2023\/04\/mellow-paa-mantzius-300x199.jpeg 300w, http:\/\/www.riehagbard.dk\/rie\/wp-content\/uploads\/2023\/04\/mellow-paa-mantzius-768x509.jpeg 768w, http:\/\/www.riehagbard.dk\/rie\/wp-content\/uploads\/2023\/04\/mellow-paa-mantzius.jpeg 960w\" sizes=\"(max-width: 300px) 100vw, 300px\" \/><\/a><strong>Mellow &#8211; hyggelig og stemningsfuld traditionel jazz til hverdag og fest..<\/strong><\/p>\n<p>Guitarist Bj\u00f8rn M\u00f8ller og sangerinde Rie Hagbard har i over 20 \u00e5r haft dette musikalske f\u00e6llesskab, som er kommet en masse jazzglade mennesker til unds\u00e6tning ved b\u00e5de koncerter, receptioner og ved andre offentlige og private anledninger.<\/p>\n<p>St\u00e5r du og mangler en jazzduo med smagfulde arrangementer, <em>time<\/em> og vellyd? S\u00e5 send mig en mail: <a href=\"mailto:rie@riehagbard.dk\">rie@riehagbard.dk<\/a>, og h\u00f8r n\u00e6rmere om priser, ledige tider osv.<\/p>\n<p><strong>P\u00e5 genh\u00f8r!\u00a0 <\/strong><\/p>","protected":false},"excerpt":{"rendered":"<p>\u00a0 For\u00e5r, for\u00e5r, kom nu snart! Vi har nemlig en hel del i vores st\u00f8beske, som vi gl\u00e6der os til at fyre af! :-) Flere forskellige virksomheder, foreninger og private har rakt ud og efterlyst vores jazz &#8211; og det er vi super glade for. Derfor bruges tiden lige nu p\u00e5 at \u00f8ve op til [&hellip;]<\/p>\n","protected":false},"author":1,"featured_media":0,"parent":0,"menu_order":4,"comment_status":"closed","ping_status":"open","template":"","meta":[],"_links":{"self":[{"href":"http:\/\/www.riehagbard.dk\/rie\/wp-json\/wp\/v2\/pages\/18"}],"collection":[{"href":"http:\/\/www.riehagbard.dk\/rie\/wp-json\/wp\/v2\/pages"}],"about":[{"href":"http:\/\/www.riehagbard.dk\/rie\/wp-json\/wp\/v2\/types\/page"}],"author":[{"embeddable":true,"href":"http:\/\/www.riehagbard.dk\/rie\/wp-json\/wp\/v2\/users\/1"}],"replies":[{"embeddable":true,"href":"http:\/\/www.riehagbard.dk\/rie\/wp-json\/wp\/v2\/comments?post=18"}],"version-history":[{"count":227,"href":"http:\/\/www.riehagbard.dk\/rie\/wp-json\/wp\/v2\/pages\/18\/revisions"}],"predecessor-version":[{"id":3334,"href":"http:\/\/www.riehagbard.dk\/rie\/wp-json\/wp\/v2\/pages\/18\/revisions\/3334"}],"wp:attachment":[{"href":"http:\/\/www.riehagbard.dk\/rie\/wp-json\/wp\/v2\/media?parent=18"}],"curies":[{"name":"wp","href":"https:\/\/api.w.org\/{rel}","templated":true}]}}